{"id":7826,"date":"2026-02-24T14:47:35","date_gmt":"2026-02-24T13:47:35","guid":{"rendered":"https:\/\/hammerackhotel.it\/menu-ristorante\/"},"modified":"2026-03-02T10:49:20","modified_gmt":"2026-03-02T09:49:20","slug":"menu-ristorante","status":"publish","type":"page","link":"https:\/\/hammerackhotel.it\/de\/menu-ristorante\/","title":{"rendered":"Menu ristorante"},"content":{"rendered":"\t\t<div data-elementor-type=\"wp-page\" data-elementor-id=\"7826\" class=\"elementor elementor-7826 elementor-7757\" data-elementor-post-type=\"page\">\n\t\t\t\t<div class=\"elementor-element elementor-element-953b1f6 e-flex e-con-boxed e-con e-parent\" data-id=\"953b1f6\" data-element_type=\"container\" data-e-type=\"container\">\n\t\t\t\t\t<div class=\"e-con-inner\">\n\t\t\t\t<div class=\"elementor-element elementor-element-343297a elementor-widget elementor-widget-image\" data-id=\"343297a\" data-element_type=\"widget\" data-e-type=\"widget\" data-widget_type=\"image.default\">\n\t\t\t\t<div class=\"elementor-widget-container\">\n\t\t\t\t\t\t\t\t\t\t\t\t\t\t\t<img fetchpriority=\"high\" decoding=\"async\" width=\"1860\" height=\"1368\" src=\"https:\/\/hammerackhotel.it\/wp-content\/uploads\/2024\/10\/Completo_Nero.webp\" class=\"attachment-full size-full wp-image-6620\" alt=\"\" srcset=\"https:\/\/hammerackhotel.it\/wp-content\/uploads\/2024\/10\/Completo_Nero.webp 1860w, https:\/\/hammerackhotel.it\/wp-content\/uploads\/2024\/10\/Completo_Nero-300x221.webp 300w, https:\/\/hammerackhotel.it\/wp-content\/uploads\/2024\/10\/Completo_Nero-1024x753.webp 1024w, https:\/\/hammerackhotel.it\/wp-content\/uploads\/2024\/10\/Completo_Nero-768x565.webp 768w, https:\/\/hammerackhotel.it\/wp-content\/uploads\/2024\/10\/Completo_Nero-1536x1130.webp 1536w\" sizes=\"(max-width: 1860px) 100vw, 1860px\" \/>\t\t\t\t\t\t\t\t\t\t\t\t\t\t\t<\/div>\n\t\t\t\t<\/div>\n\t\t\t\t<div class=\"elementor-element elementor-element-9ac473d menu-hammerack elementor-widget elementor-widget-text-editor\" data-id=\"9ac473d\" data-element_type=\"widget\" data-e-type=\"widget\" data-widget_type=\"text-editor.default\">\n\t\t\t\t<div class=\"elementor-widget-container\">\n\t\t\t\t\t\t\t\t\t<section><style>\n.hb-menu{max-width:1000px;margin:0 auto;padding:20px 0;font-family:inherit;color:#1f1f1f}<br \/>.hb-center{text-align:center}<br \/>.hb-title{font-size:34px;letter-spacing:.08em;margin-bottom:5px}<br \/>.hb-subtitle{font-size:18px;margin-bottom:30px;color:#666}<br \/>.hb-section{margin:50px 0}<br \/>.hb-section h2{font-size:22px;letter-spacing:.15em;margin-bottom:25px;text-align:center}<br \/>.hb-item{margin-bottom:18px}<br \/>.hb-item-title{font-weight:600;font-size:16px}<br \/>.hb-price{float:right;font-weight:600}<br \/>.hb-desc{font-size:14px;color:#555;margin-top:4px}<br \/>.hb-divider{border-top:1px solid rgba(0,0,0,.1);margin:40px 0}<br \/>.hb-note{font-size:14px;color:#555;line-height:1.6}<br \/>.hb-allergeni-list{columns:2;font-size:14px;margin-top:15px}<br \/>.hb-wifi{margin-top:40px;text-align:center;padding:20px;border:1px solid rgba(0,0,0,.1);border-radius:10px}<br \/>.clearfix::after{content:\"\";display:block;clear:both}<br \/>.dark-green {<br \/>color: #3b755b;<br \/>}<br \/><\/style><div class=\"hb-center\"><h1 class=\"hb-title\">MEN\u00dc<\/h1><p class=\"hb-subtitle\">Speise- &amp; Getr\u00e4nkekarte<br \/>11.00 \u2013 23.30<\/p><\/div><p>\u00a0<\/p><div class=\"hb-section\"><h2 class=\"dark-green\">FRIAUL AUF DEM TELLER<\/h2><p style=\"text-align: center;\">Acetaia Sirk della Subida \u2013 Cormons<\/p><p style=\"text-align: center;\">Azienda Agricola Luigi Faleschini \u2013 Pontebba<\/p><p style=\"text-align: center;\">Azienda Agricola Vuerich \u2013 Malborghetto<\/p><p style=\"text-align: center;\">Azienda Agricola Morassi \u2013 Cedarchis<\/p><p style=\"text-align: center;\">Azienda Ittica Valle del Lovo \u2013 Carlino<\/p><p style=\"text-align: center;\">Borgo delle Mele \u2013 Pinzano al Tagliamento<\/p><p style=\"text-align: center;\">Malga Alta Carnia \u2013 Sauris<\/p><p>Jolanda de Col\u00f2 &#8211; Palmanova<\/p><p style=\"text-align: center;\">Salumi Molinari \u2013 Zuglio<\/p><\/div><div class=\"hb-section\"><h2 class=\"dark-green\">DEGUSTATIONSMEN\u00dc<\/h2><div class=\"hb-item clearfix\"><p><strong><span class=\"hb-item-title\">HIER IN DER UMGEBUNG<\/span><\/strong><\/p><div class=\"hb-desc\"><p>Kabeljauherz, <br \/>Lagunenalgen-Suppe, aufgesch\u00e4umtes EVO-\u00d6l (4)<\/p><\/div><div class=\"hb-desc\"><p>Calamarata-Vertikale: <br \/>Kuhmilch-Ricotta, Hirschragout, Safran- und Friulano-Suppe, Tropfen aus getrockneter Bierhefe (1,7,12)<\/p><\/div><div class=\"hb-desc\"><p>Langsam gegartes Kalbfleisch, <br \/>Schwarzwurzel, Ratte-Kartoffeln mit Piran-Salz<\/p><\/div><div class=\"hb-desc\"><p>Apfel &amp; Apfel: <br \/>Haselnuss-Crumble, Rosinen, Apfelsorbet und s\u00fc\u00dfe Sahne (7,8)<\/p><\/div><div class=\"hb-desc\"><strong>3 Pairings \u20ac 25<\/strong><br \/>Das Men\u00fc gilt f\u00fcr den gesamten Tisch<\/div><p><span class=\"hb-price\">\u20ac 80<\/span><\/p><\/div><div class=\"hb-item clearfix\"><p><strong><span class=\"hb-item-title\">DIE UHR MACHT TICK TACK<\/span><\/strong><\/p><div class=\"hb-desc\"><p>Rund um den Hammerack: <br \/>Kakaoboden, Moos, Haselnusscreme, Frant-Creme und Kren in Tropfen (3,7,8,12)<\/p><\/div><div class=\"hb-desc\"><p>Auf der Plancha gegarte Bernsteinmakrele, <br \/>Molke, Bergamotte-Zabaglione und fermentierte schwarze Knoblauchsauce (3,4,7)<\/p><\/div><div class=\"hb-desc\"><p>Hirsch-Tataki 70 %, Rote Bete und dunkle Schokolade<\/p><\/div><div class=\"hb-desc\"><p>Schwarzer Raviolo gef\u00fcllt mit wei\u00dfen Bohnen, <br \/>Mandelricotta, schwarzem Tr\u00fcffel, Hibiskus-Tropfen (1,8,9)<\/p><\/div><div class=\"hb-desc\"><p>Calamarata-Vertikale: <br \/>Kuhmilch-Ricotta, Hirschragout, Safran- und Friulano-Suppe, T<br \/>ropfen aus getrockneter Bierhefe (1,7,12)<\/p><\/div><div class=\"hb-desc\"><p>K\u00f6niglicher St\u00f6r: <br \/>Kaviar, Wodka, Sauerrahm, Joghurt-Sponge, <br \/>konfierter Fenchel-Extrakt (3,4,7)<\/p><\/div><div class=\"hb-desc\"><p>Wintergarten: <br \/>Wei\u00dfe-Schokolade-und-EVO-\u00d6l-Seide, s\u00fc\u00dfes Wintergem\u00fcse (Az. Agr. Faleschini), <br \/>Timut-Pfeffer-Eis, Mandarinenwasser und kandierte Bergamotte (7)<\/p><\/div><div class=\"hb-desc\"><strong>6 Pairings \u20ac 50<\/strong><br \/>Das Men\u00fc gilt f\u00fcr den gesamten Tisch<\/div><p><span class=\"hb-price\">\u20ac 125<\/span><\/p><\/div><\/div><div class=\"hb-section\"><h2 class=\"dark-green\">VORSPEISEN<\/h2><div class=\"hb-item clearfix\"><p><span class=\"hb-item-title\">Rund um den Hammerack,<br \/><\/span>Kakaoboden, Moos, Haselnusscreme, Frant-Creme und Kren in Tropfen (3,7,8,12)<\/p><p><span class=\"hb-price\">\u20ac 24.00<\/span><\/p><\/div><div class=\"hb-item clearfix\"><p><span class=\"hb-item-title\">Unter dem Schnee,<br \/><\/span>Berg-Freilandei (Az. Vuerich), Anchovis aus dem Kantabrischen Meer, Topinambur und Mesenterialtr\u00fcffel (3,4,7)<\/p><p><span class=\"hb-price\">\u20ac 24.00<\/span><\/p><\/div><div class=\"hb-item clearfix\"><p><span class=\"hb-item-title\">Kabeljauherz,<br \/><\/span>Lagunenalgen-Suppe, aufgesch\u00e4umtes EVO-\u00d6l (4)<\/p><p><span class=\"hb-price\">\u20ac 24.00<\/span><\/p><\/div><div class=\"hb-item clearfix\"><p><span class=\"hb-item-title\">Auf der Plancha gegarte Bernsteinmakrele,<br \/><\/span>Molke, Bergamotte-Zabaglione und fermentierte schwarze Knoblauchsauce (3,4,7)<\/p><p><span class=\"hb-price\">\u20ac 24.00<\/span><\/p><\/div><div class=\"hb-item clearfix\"><p><span class=\"hb-item-title\">Tauben-Roastbeef,<br \/><\/span>Foie Gras, Rotkohl in Gl\u00fchwein geschmort (12)<\/p><p><span class=\"hb-price\">\u20ac 28.00<\/span><\/p><\/div><\/div><div class=\"hb-section\"><h2 class=\"dark-green\">ERSTE G\u00c4NGE<\/h2><div class=\"hb-item clearfix\"><p><span class=\"hb-item-title\">Chitarra-Spaghetti (Pastificio Agricolo Mancini)<\/span><\/p><div class=\"hb-desc\">Seeigel, milde Knoblauchsauce, Cime di Rapa (1,14)<\/div><p><span class=\"hb-price\">\u20ac 30.00<\/span><\/p><\/div><div class=\"hb-item clearfix\"><p><span class=\"hb-item-title\">Schwarzer Raviolo mit wei\u00dfen Bohnen<\/span><\/p><div class=\"hb-desc\">Mandelricotta, schwarzer Tr\u00fcffel, Hibiskus-Tropfen (1,8,9)<\/div><p><span class=\"hb-price\">\u20ac 28.00<\/span><\/p><\/div><div class=\"hb-item clearfix\"><p><span class=\"hb-item-title\">Cremiger Reis mit Knollensellerie<\/span><\/p><div class=\"hb-desc\">ger\u00e4uchertem Wolfsbarsch, Passionsfrucht-Mayonnaise und Kaffeepulver (4,7,9)<\/div><p><span class=\"hb-price\">\u20ac 32.00<\/span><\/p><\/div><div class=\"hb-item clearfix\"><p><span class=\"hb-item-title\">Calamarata-Vertikale<\/span><\/p><div class=\"hb-desc\">Kuhmilch-Ricotta, Hirschragout, Safran- und Friulano-Suppe, Tropfen aus getrockneter Bierhefe (1,7,12)<\/div><p><span class=\"hb-price\">\u20ac 28.00<\/span><\/p><\/div><div class=\"hb-item clearfix\"><p><span class=\"hb-item-title\">K\u00fcrbis-Zuf<\/span><\/p><div class=\"hb-desc\">fermentierte Milch, ger\u00f6stete Entenbrust (7)<\/div><p><span class=\"hb-price\">\u20ac 28.00<\/span><\/p><\/div><\/div><div class=\"hb-section\"><h2 class=\"dark-green\">HAUPTG\u00c4NGE<\/h2><div class=\"hb-item clearfix\"><p><span class=\"hb-item-title\">Langsam gegartes Kalbfleisch<\/span><\/p><div class=\"hb-desc\">Schwarzwurzel, Ratte-Kartoffeln aus den Salinen von Piran<\/div><p><span class=\"hb-price\">\u20ac 32.00<\/span><\/p><\/div><div class=\"hb-item clearfix\"><p><span class=\"hb-item-title\">Wachtel im Netz<\/span><\/p><div class=\"hb-desc\">mit kalt gegartem Kohl, Lakritz und Taggiasca-Oliven<\/div><p><span class=\"hb-price\">\u20ac 37.00<\/span><\/p><\/div><div class=\"hb-item clearfix\"><p><span class=\"hb-item-title\">K\u00f6niglicher St\u00f6r<\/span><\/p><div class=\"hb-desc\">Kaviar, Wodka, Sauerrahm, Joghurt-Sponge, konfierter Fenchel-Extrakt (3,4,7)<\/div><p><span class=\"hb-price\">\u20ac 37.00<\/span><\/p><\/div><div class=\"hb-item clearfix\"><p><span class=\"hb-item-title\">Bauchst\u00fcck vom Roten Thunfisch nach Carbonara-Art<\/span><\/p><div class=\"hb-desc\">mit San-Daniele-Salz und friulanischem Schwarzkohl (3,4,10)<\/div><p><span class=\"hb-price\">\u20ac 40.00<\/span><\/p><\/div><div class=\"hb-item clearfix\"><p><span class=\"hb-item-title\">Knollensellerie-Steak<\/span><\/p><div class=\"hb-desc\">Curry, feinperlige Gerste s\u00fc\u00df-sauer, Sprossen, knuspriges EVO-\u00d6l (1,9,12)<\/div><p><span class=\"hb-price\">\u20ac 26.00<\/span><\/p><\/div><\/div><div class=\"hb-section\"><h2 class=\"dark-green\">DESSERTS<\/h2><div class=\"hb-item clearfix\"><p><strong><span class=\"hb-item-title\">\u201cAPFEL und APFEL\u201d<\/span><\/strong><\/p><div class=\"hb-desc\">Haselnuss-Crumble, Rosinen, Apfelsorbet und s\u00fc\u00dfe Sahne (7,8)<\/div><p><span class=\"hb-price\">\u20ac 16.00<\/span><\/p><\/div><div class=\"hb-item clearfix\"><p><strong><span class=\"hb-item-title\">\u201cWINTERGARTEN\u201d<\/span><\/strong><\/p><div class=\"hb-desc\">Wei\u00dfe-Schokolade-und-Oliven\u00f6l-Seide, S\u00fc\u00dfes Wintergem\u00fcse, Timut-Pfeffer-Eis,\u00a0<\/div><div class=\"hb-desc\">Mandarinenwasser und kandierte Bergamotte (7)<\/div><p><span class=\"hb-price\">\u20ac 16.00<\/span><\/p><\/div><div class=\"hb-item clearfix\"><p><strong><span class=\"hb-item-title\">\u201cSaint Honor\u00e9\u2026 BIZARR!\u201d<\/span><\/strong><\/p><div class=\"hb-desc\">(1,3,7)<\/div><p><span class=\"hb-price\">\u20ac 16.00<\/span><\/p><\/div><div class=\"hb-item clearfix\"><p><strong><span class=\"hb-item-title\">\u201cGELBER SAFRAN\u201d<\/span><\/strong><\/p><div class=\"hb-desc\">Kurkuma, Kakipfel, Lavendel, Blutorange, Passionsfrucht,\u00a0<\/div><div class=\"hb-desc\">Haselnuss-Streusel (1,7,8)<\/div><p><span class=\"hb-price\">\u20ac 16.00<\/span><\/p><\/div><p style=\"text-align: center; margin-top: 20px;\">Anschlie\u00dfend<br \/><strong>UNSER K\u00c4SEWAGEN<\/strong><\/p><\/div><div class=\"hb-section\"><h2 class=\"dark-green\">ALLERGENE<\/h2><p class=\"hb-note\">Liste der im Restaurant verwendeten allergenen Zutaten<br \/>\u00a0gem\u00e4\u00df Anhang II der EU-Verordnung Nr. 1169\/2011 \u2013 \u201eStoffe oder Erzeugnisse, <br \/>die Allergien oder Unvertr\u00e4glichkeiten ausl\u00f6sen\u201c:<\/p><div class=\"hb-allergeni-list\">1 \u2013 Glutenhaltiges Getreide<br \/>2 \u2013 Krebstiere<br \/>3 \u2013 Eier<br \/>4 \u2013 Fisch<br \/>5 \u2013 Erdn\u00fcsse<br \/>6 \u2013 Soja<br \/>7 \u2013 Milch<br \/>8 \u2013 Schalenfr\u00fcchte<br \/>9 \u2013 Sellerie<br \/>10 \u2013 Senf<br \/>11 \u2013 Sesam<br \/>12 \u2013 Sulfite &gt; 10 mg\/kg<br \/>13 \u2013 Lupinen<br \/>14 \u2013 Weichtiere<\/div><p class=\"hb-note\">Frische Zutaten k\u00f6nnen aus Sicherheitsgr\u00fcnden <br \/>tiefgefroren (-20\u00b0C) worden sein \u2013 gem\u00e4\u00df EU-VO 853\/2004, <br \/>Anhang III, Abschnitt 7.<\/p><\/div><div class=\"hb-section\"><h2 class=\"dark-green\">RESTAURANT<\/h2><p style=\"text-align: center;\"><strong>Mittwoch:<\/strong> 19:00 \u2013 22:00 Uhr<br \/><strong>Donnerstag bis Sonntag:<\/strong> 12:30 \u2013 14:30 Uhr \/ 19:00 \u2013 22:00 Uhr<\/p><p>WIFI<\/p><\/div><div class=\"hb-wifi\"><strong>Network:<\/strong> GUEST<br \/><strong>Password:<\/strong> Guest@24<\/div><\/section>\t\t\t\t\t\t\t\t<\/div>\n\t\t\t\t<\/div>\n\t\t\t\t\t<\/div>\n\t\t\t\t<\/div>\n\t\t\t\t<\/div>\n\t\t","protected":false},"excerpt":{"rendered":"<p>MEN\u00dc Speise- &amp; Getr\u00e4nkekarte11.00 \u2013 23.30 \u00a0 FRIAUL AUF DEM TELLER Acetaia Sirk della Subida \u2013 Cormons Azienda Agricola Luigi Faleschini \u2013 Pontebba Azienda Agricola Vuerich \u2013 Malborghetto Azienda Agricola Morassi \u2013 Cedarchis Azienda Ittica Valle del Lovo \u2013 Carlino Borgo delle Mele \u2013 Pinzano al Tagliamento Malga Alta Carnia \u2013 Sauris Jolanda de Col\u00f2 [&hellip;]<\/p>\n","protected":false},"author":1,"featured_media":6767,"parent":0,"menu_order":0,"comment_status":"closed","ping_status":"closed","template":"","meta":{"_acf_changed":false,"footnotes":""},"class_list":["post-7826","page","type-page","status-publish","has-post-thumbnail","hentry"],"acf":[],"yoast_head":"<!-- This site is optimized with the Yoast SEO plugin v27.1.1 - https:\/\/yoast.com\/product\/yoast-seo-wordpress\/ -->\n<title>Menu ristorante - Hammerack Hotel<\/title>\n<meta name=\"robots\" content=\"index, follow, max-snippet:-1, max-image-preview:large, max-video-preview:-1\" \/>\n<link rel=\"canonical\" href=\"https:\/\/hammerackhotel.it\/de\/menu-ristorante\/\" \/>\n<meta property=\"og:locale\" content=\"de_DE\" \/>\n<meta property=\"og:type\" content=\"article\" \/>\n<meta property=\"og:title\" content=\"Menu ristorante - Hammerack Hotel\" \/>\n<meta property=\"og:description\" content=\"MEN\u00dc Speise- &amp; Getr\u00e4nkekarte11.00 \u2013 23.30 \u00a0 FRIAUL AUF DEM TELLER Acetaia Sirk della Subida \u2013 Cormons Azienda Agricola Luigi Faleschini \u2013 Pontebba Azienda Agricola Vuerich \u2013 Malborghetto Azienda Agricola Morassi \u2013 Cedarchis Azienda Ittica Valle del Lovo \u2013 Carlino Borgo delle Mele \u2013 Pinzano al Tagliamento Malga Alta Carnia \u2013 Sauris Jolanda de Col\u00f2 [&hellip;]\" \/>\n<meta property=\"og:url\" content=\"https:\/\/hammerackhotel.it\/de\/menu-ristorante\/\" \/>\n<meta property=\"og:site_name\" content=\"Hammerack Hotel\" \/>\n<meta property=\"article:modified_time\" content=\"2026-03-02T09:49:20+00:00\" \/>\n<meta property=\"og:image\" content=\"https:\/\/hammerackhotel.it\/wp-content\/uploads\/2025\/09\/Piatto-gourmet-con-carne-e-verdure-raffinate.webp\" \/>\n\t<meta property=\"og:image:width\" content=\"1920\" \/>\n\t<meta property=\"og:image:height\" content=\"1281\" \/>\n\t<meta property=\"og:image:type\" content=\"image\/webp\" \/>\n<meta name=\"twitter:card\" content=\"summary_large_image\" \/>\n<meta name=\"twitter:label1\" content=\"Gesch\u00e4tzte Lesezeit\" \/>\n\t<meta name=\"twitter:data1\" content=\"4\u00a0Minuten\" \/>\n<script type=\"application\/ld+json\" class=\"yoast-schema-graph\">{\"@context\":\"https:\/\/schema.org\",\"@graph\":[{\"@type\":\"WebPage\",\"@id\":\"https:\/\/hammerackhotel.it\/de\/menu-ristorante\/\",\"url\":\"https:\/\/hammerackhotel.it\/de\/menu-ristorante\/\",\"name\":\"Menu ristorante - Hammerack Hotel\",\"isPartOf\":{\"@id\":\"https:\/\/hammerackhotel.it\/de\/#website\"},\"primaryImageOfPage\":{\"@id\":\"https:\/\/hammerackhotel.it\/de\/menu-ristorante\/#primaryimage\"},\"image\":{\"@id\":\"https:\/\/hammerackhotel.it\/de\/menu-ristorante\/#primaryimage\"},\"thumbnailUrl\":\"https:\/\/hammerackhotel.it\/wp-content\/uploads\/2025\/09\/Piatto-gourmet-con-carne-e-verdure-raffinate.webp\",\"datePublished\":\"2026-02-24T13:47:35+00:00\",\"dateModified\":\"2026-03-02T09:49:20+00:00\",\"breadcrumb\":{\"@id\":\"https:\/\/hammerackhotel.it\/de\/menu-ristorante\/#breadcrumb\"},\"inLanguage\":\"de\",\"potentialAction\":[{\"@type\":\"ReadAction\",\"target\":[\"https:\/\/hammerackhotel.it\/de\/menu-ristorante\/\"]}]},{\"@type\":\"ImageObject\",\"inLanguage\":\"de\",\"@id\":\"https:\/\/hammerackhotel.it\/de\/menu-ristorante\/#primaryimage\",\"url\":\"https:\/\/hammerackhotel.it\/wp-content\/uploads\/2025\/09\/Piatto-gourmet-con-carne-e-verdure-raffinate.webp\",\"contentUrl\":\"https:\/\/hammerackhotel.it\/wp-content\/uploads\/2025\/09\/Piatto-gourmet-con-carne-e-verdure-raffinate.webp\",\"width\":1920,\"height\":1281,\"caption\":\"Portata gourmet con filetto di carne, radicchio rosso, crema vegetale e frutta secca su piatto bianco elegante.\"},{\"@type\":\"BreadcrumbList\",\"@id\":\"https:\/\/hammerackhotel.it\/de\/menu-ristorante\/#breadcrumb\",\"itemListElement\":[{\"@type\":\"ListItem\",\"position\":1,\"name\":\"Homepage\",\"item\":\"https:\/\/hammerackhotel.it\/de\/\"},{\"@type\":\"ListItem\",\"position\":2,\"name\":\"Menu ristorante\"}]},{\"@type\":\"WebSite\",\"@id\":\"https:\/\/hammerackhotel.it\/de\/#website\",\"url\":\"https:\/\/hammerackhotel.it\/de\/\",\"name\":\"Hammerack Hotel\",\"description\":\"\",\"publisher\":{\"@id\":\"https:\/\/hammerackhotel.it\/de\/#organization\"},\"potentialAction\":[{\"@type\":\"SearchAction\",\"target\":{\"@type\":\"EntryPoint\",\"urlTemplate\":\"https:\/\/hammerackhotel.it\/de\/?s={search_term_string}\"},\"query-input\":{\"@type\":\"PropertyValueSpecification\",\"valueRequired\":true,\"valueName\":\"search_term_string\"}}],\"inLanguage\":\"de\"},{\"@type\":\"Organization\",\"@id\":\"https:\/\/hammerackhotel.it\/de\/#organization\",\"name\":\"Hammerack Hotel\",\"url\":\"https:\/\/hammerackhotel.it\/de\/\",\"logo\":{\"@type\":\"ImageObject\",\"inLanguage\":\"de\",\"@id\":\"https:\/\/hammerackhotel.it\/de\/#\/schema\/logo\/image\/\",\"url\":\"https:\/\/hammerackhotel.it\/wp-content\/uploads\/2024\/10\/Hotel-Hammerack-gold-1-1.webp\",\"contentUrl\":\"https:\/\/hammerackhotel.it\/wp-content\/uploads\/2024\/10\/Hotel-Hammerack-gold-1-1.webp\",\"width\":1802,\"height\":472,\"caption\":\"Hammerack Hotel\"},\"image\":{\"@id\":\"https:\/\/hammerackhotel.it\/de\/#\/schema\/logo\/image\/\"}}]}<\/script>\n<!-- \/ Yoast SEO plugin. -->","yoast_head_json":{"title":"Menu ristorante - Hammerack Hotel","robots":{"index":"index","follow":"follow","max-snippet":"max-snippet:-1","max-image-preview":"max-image-preview:large","max-video-preview":"max-video-preview:-1"},"canonical":"https:\/\/hammerackhotel.it\/de\/menu-ristorante\/","og_locale":"de_DE","og_type":"article","og_title":"Menu ristorante - Hammerack Hotel","og_description":"MEN\u00dc Speise- &amp; Getr\u00e4nkekarte11.00 \u2013 23.30 \u00a0 FRIAUL AUF DEM TELLER Acetaia Sirk della Subida \u2013 Cormons Azienda Agricola Luigi Faleschini \u2013 Pontebba Azienda Agricola Vuerich \u2013 Malborghetto Azienda Agricola Morassi \u2013 Cedarchis Azienda Ittica Valle del Lovo \u2013 Carlino Borgo delle Mele \u2013 Pinzano al Tagliamento Malga Alta Carnia \u2013 Sauris Jolanda de Col\u00f2 [&hellip;]","og_url":"https:\/\/hammerackhotel.it\/de\/menu-ristorante\/","og_site_name":"Hammerack Hotel","article_modified_time":"2026-03-02T09:49:20+00:00","og_image":[{"width":1920,"height":1281,"url":"https:\/\/hammerackhotel.it\/wp-content\/uploads\/2025\/09\/Piatto-gourmet-con-carne-e-verdure-raffinate.webp","type":"image\/webp"}],"twitter_card":"summary_large_image","twitter_misc":{"Gesch\u00e4tzte Lesezeit":"4\u00a0Minuten"},"schema":{"@context":"https:\/\/schema.org","@graph":[{"@type":"WebPage","@id":"https:\/\/hammerackhotel.it\/de\/menu-ristorante\/","url":"https:\/\/hammerackhotel.it\/de\/menu-ristorante\/","name":"Menu ristorante - Hammerack Hotel","isPartOf":{"@id":"https:\/\/hammerackhotel.it\/de\/#website"},"primaryImageOfPage":{"@id":"https:\/\/hammerackhotel.it\/de\/menu-ristorante\/#primaryimage"},"image":{"@id":"https:\/\/hammerackhotel.it\/de\/menu-ristorante\/#primaryimage"},"thumbnailUrl":"https:\/\/hammerackhotel.it\/wp-content\/uploads\/2025\/09\/Piatto-gourmet-con-carne-e-verdure-raffinate.webp","datePublished":"2026-02-24T13:47:35+00:00","dateModified":"2026-03-02T09:49:20+00:00","breadcrumb":{"@id":"https:\/\/hammerackhotel.it\/de\/menu-ristorante\/#breadcrumb"},"inLanguage":"de","potentialAction":[{"@type":"ReadAction","target":["https:\/\/hammerackhotel.it\/de\/menu-ristorante\/"]}]},{"@type":"ImageObject","inLanguage":"de","@id":"https:\/\/hammerackhotel.it\/de\/menu-ristorante\/#primaryimage","url":"https:\/\/hammerackhotel.it\/wp-content\/uploads\/2025\/09\/Piatto-gourmet-con-carne-e-verdure-raffinate.webp","contentUrl":"https:\/\/hammerackhotel.it\/wp-content\/uploads\/2025\/09\/Piatto-gourmet-con-carne-e-verdure-raffinate.webp","width":1920,"height":1281,"caption":"Portata gourmet con filetto di carne, radicchio rosso, crema vegetale e frutta secca su piatto bianco elegante."},{"@type":"BreadcrumbList","@id":"https:\/\/hammerackhotel.it\/de\/menu-ristorante\/#breadcrumb","itemListElement":[{"@type":"ListItem","position":1,"name":"Homepage","item":"https:\/\/hammerackhotel.it\/de\/"},{"@type":"ListItem","position":2,"name":"Menu ristorante"}]},{"@type":"WebSite","@id":"https:\/\/hammerackhotel.it\/de\/#website","url":"https:\/\/hammerackhotel.it\/de\/","name":"Hammerack Hotel","description":"","publisher":{"@id":"https:\/\/hammerackhotel.it\/de\/#organization"},"potentialAction":[{"@type":"SearchAction","target":{"@type":"EntryPoint","urlTemplate":"https:\/\/hammerackhotel.it\/de\/?s={search_term_string}"},"query-input":{"@type":"PropertyValueSpecification","valueRequired":true,"valueName":"search_term_string"}}],"inLanguage":"de"},{"@type":"Organization","@id":"https:\/\/hammerackhotel.it\/de\/#organization","name":"Hammerack Hotel","url":"https:\/\/hammerackhotel.it\/de\/","logo":{"@type":"ImageObject","inLanguage":"de","@id":"https:\/\/hammerackhotel.it\/de\/#\/schema\/logo\/image\/","url":"https:\/\/hammerackhotel.it\/wp-content\/uploads\/2024\/10\/Hotel-Hammerack-gold-1-1.webp","contentUrl":"https:\/\/hammerackhotel.it\/wp-content\/uploads\/2024\/10\/Hotel-Hammerack-gold-1-1.webp","width":1802,"height":472,"caption":"Hammerack Hotel"},"image":{"@id":"https:\/\/hammerackhotel.it\/de\/#\/schema\/logo\/image\/"}}]}},"_links":{"self":[{"href":"https:\/\/hammerackhotel.it\/de\/wp-json\/wp\/v2\/pages\/7826","targetHints":{"allow":["GET"]}}],"collection":[{"href":"https:\/\/hammerackhotel.it\/de\/wp-json\/wp\/v2\/pages"}],"about":[{"href":"https:\/\/hammerackhotel.it\/de\/wp-json\/wp\/v2\/types\/page"}],"author":[{"embeddable":true,"href":"https:\/\/hammerackhotel.it\/de\/wp-json\/wp\/v2\/users\/1"}],"replies":[{"embeddable":true,"href":"https:\/\/hammerackhotel.it\/de\/wp-json\/wp\/v2\/comments?post=7826"}],"version-history":[{"count":3,"href":"https:\/\/hammerackhotel.it\/de\/wp-json\/wp\/v2\/pages\/7826\/revisions"}],"predecessor-version":[{"id":8022,"href":"https:\/\/hammerackhotel.it\/de\/wp-json\/wp\/v2\/pages\/7826\/revisions\/8022"}],"wp:featuredmedia":[{"embeddable":true,"href":"https:\/\/hammerackhotel.it\/de\/wp-json\/wp\/v2\/media\/6767"}],"wp:attachment":[{"href":"https:\/\/hammerackhotel.it\/de\/wp-json\/wp\/v2\/media?parent=7826"}],"curies":[{"name":"wp","href":"https:\/\/api.w.org\/{rel}","templated":true}]}}