{"id":7729,"date":"2026-02-18T09:20:54","date_gmt":"2026-02-18T08:20:54","guid":{"rendered":"https:\/\/hammerackhotel.it\/menu-bistrot\/"},"modified":"2026-02-24T15:50:19","modified_gmt":"2026-02-24T14:50:19","slug":"menu-bistrot","status":"publish","type":"page","link":"https:\/\/hammerackhotel.it\/de\/menu-bistrot\/","title":{"rendered":"Menu Bistrot"},"content":{"rendered":"\t\t<div data-elementor-type=\"wp-page\" data-elementor-id=\"7729\" class=\"elementor elementor-7729 elementor-7671\" data-elementor-post-type=\"page\">\n\t\t\t\t<div class=\"elementor-element elementor-element-59ee331 e-flex e-con-boxed e-con e-parent\" data-id=\"59ee331\" data-element_type=\"container\" data-e-type=\"container\">\n\t\t\t\t\t<div class=\"e-con-inner\">\n\t\t\t\t<div class=\"elementor-element elementor-element-c79f4eb elementor-widget elementor-widget-image\" data-id=\"c79f4eb\" data-element_type=\"widget\" data-e-type=\"widget\" data-widget_type=\"image.default\">\n\t\t\t\t<div class=\"elementor-widget-container\">\n\t\t\t\t\t\t\t\t\t\t\t\t\t\t\t<img fetchpriority=\"high\" decoding=\"async\" width=\"1860\" height=\"1368\" src=\"https:\/\/hammerackhotel.it\/wp-content\/uploads\/2024\/10\/Completo_Nero.webp\" class=\"attachment-full size-full wp-image-6620\" alt=\"\" srcset=\"https:\/\/hammerackhotel.it\/wp-content\/uploads\/2024\/10\/Completo_Nero.webp 1860w, https:\/\/hammerackhotel.it\/wp-content\/uploads\/2024\/10\/Completo_Nero-300x221.webp 300w, https:\/\/hammerackhotel.it\/wp-content\/uploads\/2024\/10\/Completo_Nero-1024x753.webp 1024w, https:\/\/hammerackhotel.it\/wp-content\/uploads\/2024\/10\/Completo_Nero-768x565.webp 768w, https:\/\/hammerackhotel.it\/wp-content\/uploads\/2024\/10\/Completo_Nero-1536x1130.webp 1536w\" sizes=\"(max-width: 1860px) 100vw, 1860px\" \/>\t\t\t\t\t\t\t\t\t\t\t\t\t\t\t<\/div>\n\t\t\t\t<\/div>\n\t\t\t\t<div class=\"elementor-element elementor-element-4b4a4cc menu-hammerack elementor-widget elementor-widget-text-editor\" data-id=\"4b4a4cc\" data-element_type=\"widget\" data-e-type=\"widget\" data-widget_type=\"text-editor.default\">\n\t\t\t\t<div class=\"elementor-widget-container\">\n\t\t\t\t\t\t\t\t\t<section class=\"hb-menu\"><style>\n.hb-menu{max-width:1000px;margin:0 auto;padding:20px 0;font-family:inherit;color:#1f1f1f}<br \/>.hb-center{text-align:center}<br \/>.hb-title{font-size:34px;letter-spacing:.08em;margin-bottom:5px}<br \/>.hb-subtitle{font-size:18px;margin-bottom:30px;color:#666}<br \/>.hb-section{margin:50px 0}<br \/>.hb-section h2{font-size:22px;letter-spacing:.15em;margin-bottom:25px;text-align:center}<br \/>.hb-item{margin-bottom:18px}<br \/>.hb-item-title{font-weight:600;font-size:16px}<br \/>.hb-price{float:right;font-weight:600}<br \/>.hb-desc{font-size:14px;color:#555;margin-top:4px}<br \/>.hb-divider{border-top:1px solid rgba(0,0,0,.1);margin:40px 0}<br \/>.hb-note{font-size:14px;color:#555;line-height:1.6}<br \/>.hb-allergeni-list{columns:2;font-size:14px;margin-top:15px}<br \/>.hb-wifi{margin-top:40px;text-align:center;padding:20px;border:1px solid rgba(0,0,0,.1);border-radius:10px}<br \/>.clearfix::after{content:\"\";display:block;clear:both}<br \/>.dark-green {<br \/>color: #3b755b;<br \/>}<br \/><\/style><div class=\"hb-center\"><h1 class=\"hb-title\">BISTROT MEN\u00dc<\/h1><p class=\"hb-subtitle\">Speise- &amp; Getr\u00e4nkekarte<br \/>11.00 \u2013 23.30<\/p><\/div><div class=\"hb-divider\">\u00a0<\/div><p><strong>Gedeckgeb\u00fchr \u20ac 2,00<\/strong><\/p><div class=\"hb-section\"><h2 class=\"dark-green\">COCKTAILS<\/h2><div class=\"hb-item clearfix\"><p><strong><span class=\"hb-item-title\">Paloma<\/span><\/strong><\/p><div class=\"hb-desc\">Tequila, Limettensaft, eine Prise Salz, Grapefruit-Tonic<\/div><p><span class=\"hb-price\">\u20ac 13.00<\/span><\/p><\/div><div class=\"hb-item clearfix\"><p><strong><span class=\"hb-item-title\">Moskow Mule<\/span><\/strong><\/p><div class=\"hb-desc\">Wodka, Limettensaft, Ingwerbier<\/div><p><span class=\"hb-price\">\u20ac 13.00<\/span><\/p><\/div><div class=\"hb-item clearfix\"><p><strong><span class=\"hb-item-title\">Bloody Mary<\/span><\/strong><\/p><div class=\"hb-desc\">Wodka, Zitronensaft, Tomatensaft, Salz, Pfeffer, Tabasco, Worcestershire-Sauce<\/div><p><span class=\"hb-price\">\u20ac 13.00<\/span><\/p><\/div><div class=\"hb-item clearfix\"><p><strong><span class=\"hb-item-title\">Daiquiri<\/span><\/strong><\/p><div class=\"hb-desc\">Wei\u00dfer Rum, Limettensaft, Zucker<\/div><p><span class=\"hb-price\">\u20ac 13.00<\/span><\/p><\/div><div class=\"hb-item clearfix\"><p><strong><span class=\"hb-item-title\">Tommy\u2019s Margarita<\/span><\/strong><\/p><div class=\"hb-desc\">Tequila, Limettensaft, Agavensirup<\/div><p><span class=\"hb-price\">\u20ac 13.00<\/span><\/p><\/div><div class=\"hb-item clearfix\"><p><strong><span class=\"hb-item-title\">Long Island<\/span><\/strong><\/p><div class=\"hb-desc\">Coca-Cola, Wodka, Gin, Cointreau, wei\u00dfer Rum, Zitronensaft, Zucker<\/div><p><span class=\"hb-price\">\u20ac 13.00<\/span><\/p><\/div><div class=\"hb-item clearfix\"><p><strong><span class=\"hb-item-title\">Espresso Martini<\/span><\/strong><\/p><div class=\"hb-desc\">Wodka, Kahl\u00faa, Zucker, Espresso-Kaffee<\/div><p><span class=\"hb-price\">\u20ac 13.00<\/span><\/p><\/div><div class=\"hb-item clearfix\"><p><strong><span class=\"hb-item-title\">Boulevardier<\/span><\/strong><\/p><div class=\"hb-desc\">Campari Bitter, roter Wermut, Bourbon Whiskey<\/div><p><span class=\"hb-price\">\u20ac 13.00<\/span><\/p><\/div><div class=\"hb-item clearfix\"><p><strong><span class=\"hb-item-title\">Amaretto Sour<\/span><\/strong><\/p><div class=\"hb-desc\">Disaronno, Zitronensaft, Zucker, Schaum<\/div><p><span class=\"hb-price\">\u20ac 13.00<\/span><\/p><\/div><div class=\"hb-item clearfix\"><p><strong><span class=\"hb-item-title\">New York Sour<\/span><\/strong><\/p><div class=\"hb-desc\">Bourbon Whiskey, Zitronensaft, Zucker, Rotwein, Schaum<\/div><p><span class=\"hb-price\">\u20ac 13.00<\/span><\/p><\/div><div class=\"hb-item clearfix\"><p><strong><span class=\"hb-item-title\">Negroni<\/span><\/strong><\/p><div class=\"hb-desc\">Campari Bitter, roter Wermut, Gin<\/div><p><span class=\"hb-price\">\u20ac 10.00<\/span><\/p><\/div><div class=\"hb-item clearfix\"><p><strong><span class=\"hb-item-title\">Americano<\/span><\/strong><\/p><div class=\"hb-desc\">Campari Bitter, roter Wermut, Soda<\/div><p><span class=\"hb-price\">\u20ac 10.00<\/span><\/p><\/div><div class=\"hb-item clearfix\"><p><strong><span class=\"hb-item-title\">Old Fashioned<\/span><\/strong><\/p><div class=\"hb-desc\">Bourbon Whiskey, Zuckerw\u00fcrfel, ein Spritzer Soda, Angostura Bitter<\/div><p><span class=\"hb-price\">\u20ac 13.00<\/span><\/p><\/div><\/div><div class=\"hb-section\"><h2 class=\"dark-green\">MOCKTAILS<\/h2><div class=\"hb-item clearfix\"><p><strong><span class=\"hb-item-title\">Skiwasser<\/span><\/strong><\/p><div class=\"hb-desc\">Zitronensaft, Sodawasser, Himbeersirup<\/div><p><span class=\"hb-price\">\u20ac 8.00<\/span><\/p><\/div><div class=\"hb-item clearfix\"><p><strong><span class=\"hb-item-title\">Apfelshorle<\/span><\/strong><\/p><div class=\"hb-desc\">Apfelsaft, Sodawasser<\/div><p><span class=\"hb-price\">\u20ac 8.00<\/span><\/p><\/div><div class=\"hb-item clearfix\"><p><strong><span class=\"hb-item-title\">Shirly Temple<\/span><\/strong><\/p><div class=\"hb-desc\">Ginger Ale, Grenadine<\/div><p><span class=\"hb-price\">\u20ac 13.00<\/span><\/p><\/div><div class=\"hb-item clearfix\"><p><strong><span class=\"hb-item-title\">Gintonico<\/span><\/strong><\/p><div class=\"hb-desc\">0,0 % Gin, Holunderbl\u00fctensirup, mediterranes Tonic Water<\/div><p><span class=\"hb-price\">\u20ac 10.00<\/span><\/p><\/div><div class=\"hb-item clearfix\"><p><strong><span class=\"hb-item-title\">Virgin Hugo<\/span><\/strong><\/p><div class=\"hb-desc\">Ginger Ale, Holunderbl\u00fctensirup, Minze, Sodawasser<\/div><p><span class=\"hb-price\">\u20ac 10.00<\/span><\/p><\/div><div class=\"hb-item clearfix\"><p><strong><span class=\"hb-item-title\">Virgin Colada<\/span><\/strong><\/p><div class=\"hb-desc\">Ananassaft, Kokosnusssirup, Limettensaft<\/div><p><span class=\"hb-price\">\u20ac 12.00<\/span><\/p><\/div><div class=\"hb-item clearfix\"><p><strong><span class=\"hb-item-title\">Virgin Mojito<\/span><\/strong><\/p><div class=\"hb-desc\">Ginger Ale, Limettensaft, Zucker, Minze, Soda<\/div><p><span class=\"hb-price\">\u20ac 12.00<\/span><\/p><\/div><\/div><div class=\"hb-section\"><h2 class=\"dark-green\">WEINE IM GLAS<\/h2><p><strong>Wei\u00dfwein<\/strong> \u2013 ab 6 \u20ac pro Glas<\/p><p><strong>Rotwein<\/strong> \u2013 ab 7 \u20ac pro Glas<\/p><p><strong>Sekt<\/strong> \u2013 ab 7 \u20ac pro Glas<\/p><\/div><div class=\"hb-section\"><h2 class=\"dark-green\">ESSEN<\/h2><div class=\"hb-item clearfix\"><p><span class=\"hb-item-title\"><strong>Tartar des Pr\u00e4sidenten<\/strong> (Chianina-Rind)<\/span><\/p><p><span class=\"hb-price\">\u20ac 20.00<\/span><\/p><\/div><div class=\"hb-item clearfix\"><p><span class=\"hb-item-title\"><strong>Gemischte K\u00e4se- und Wurstplatte<\/strong> (1,3,7,9,10,12)<\/span><\/p><p><span class=\"hb-price\">\u20ac 25.00<\/span><\/p><\/div><div class=\"hb-item clearfix\"><p><span class=\"hb-item-title\"><strong>Toast<\/strong><br \/>Wolf di Sauris ger\u00e4ucherter gekochter Schinken und Montasio DOP (1,7,12)<\/span><\/p><p><span class=\"hb-price\">\u20ac 8.00<\/span><\/p><\/div><\/div><div class=\"hb-section\"><h2 class=\"dark-green\">ALLERGENE<\/h2><p class=\"hb-note\">Liste der in diesem Betrieb verwendeten allergenen Zutaten, die in Anhang 2 der EU-Verordnung Nr. 1169\/2001 aufgef\u00fchrt sind \u2013 \u201eStoffe oder Erzeugnisse, die Allergien oder Unvertr\u00e4glichkeiten ausl\u00f6sen\u201c.<\/p><div class=\"hb-allergeni-list\"><p>1. Glutenhaltiges Getreide und daraus gewonnene Erzeugnisse (Weizen, Roggen, Gerste, Hafer, Dinkel, Kamut)<br \/>2. Krebstiere und Krebstierprodukte<br \/>3. Eier und Eiprodukte<br \/>4. Fisch und Fischprodukte<br \/>5. Erdn\u00fcsse und Erdnussprodukte<br \/>6. Sojabohnen und Sojaprodukte<br \/>7. Milch und Milchprodukte<br \/>8. N\u00fcsse und Nussprodukte (Mandeln, Haseln\u00fcsse, Waln\u00fcsse, Cashewn\u00fcsse, Pekann\u00fcsse, Paran\u00fcsse, Pistazien, Macadamian\u00fcsse)<br \/>9. Sellerie und Sellerieprodukte<br \/>10. Senf und Senfprodukte<br \/>11. Sesam und Sesamprodukte<br \/>12. Sulfite in Konzentrationen von mehr als 10 mg\/kg<br \/>13. Lupinen und Lupinenprodukte<br \/>14. Weichtiere und Weichtierprodukte<\/p><\/div><p class=\"hb-note\">Die oben aufgef\u00fchrten allergenen Zutaten finden Sie im Men\u00fc mit der entsprechenden Kennnummer. Die Lebensmittel, die wir aus Marktgr\u00fcnden und f\u00fcr die Zubereitung von Rohkost frisch einkaufen, k\u00f6nnen einer vorbeugenden Dekontaminationsbehandlung durch Vakuumverpackung und Schnellk\u00fchlung auf -20 \u00b0C unterzogen worden sein. Die Lebensmittel, die wir aus Marktgr\u00fcnden und f\u00fcr die Zubereitung von Rohkost frisch<br \/>einkaufen, k\u00f6nnen gem\u00e4\u00df den Bestimmungen der Verordnung (EG) Nr. 853\/2004, Anhang 3, Abschnitt 7, Kapitel 3, Buchstabe D, Punkt 3, einer vorbeugenden Behandlung durch Vakuumverpackung und K\u00fchlung auf -20 \u00b0C unterzogen worden sein.<\/p><p>WIFI<\/p><\/div><div class=\"hb-wifi\"><strong>Network:<\/strong> GUEST<br \/><strong>Password:<\/strong> Guest@24<\/div><\/section>\t\t\t\t\t\t\t\t<\/div>\n\t\t\t\t<\/div>\n\t\t\t\t\t<\/div>\n\t\t\t\t<\/div>\n\t\t\t\t<\/div>\n\t\t","protected":false},"excerpt":{"rendered":"<p>BISTROT MEN\u00dc Speise- &amp; Getr\u00e4nkekarte11.00 \u2013 23.30 \u00a0 Gedeckgeb\u00fchr \u20ac 2,00 COCKTAILS Paloma Tequila, Limettensaft, eine Prise Salz, Grapefruit-Tonic \u20ac 13.00 Moskow Mule Wodka, Limettensaft, Ingwerbier \u20ac 13.00 Bloody Mary Wodka, Zitronensaft, Tomatensaft, Salz, Pfeffer, Tabasco, Worcestershire-Sauce \u20ac 13.00 Daiquiri Wei\u00dfer Rum, Limettensaft, Zucker \u20ac 13.00 Tommy\u2019s Margarita Tequila, Limettensaft, Agavensirup \u20ac 13.00 Long Island [&hellip;]<\/p>\n","protected":false},"author":1,"featured_media":6740,"parent":0,"menu_order":0,"comment_status":"closed","ping_status":"closed","template":"","meta":{"_acf_changed":false,"footnotes":""},"class_list":["post-7729","page","type-page","status-publish","has-post-thumbnail","hentry"],"acf":[],"yoast_head":"<!-- This site is optimized with the Yoast SEO plugin v27.1.1 - https:\/\/yoast.com\/product\/yoast-seo-wordpress\/ -->\n<title>Menu Bistrot - Hammerack Hotel<\/title>\n<meta name=\"robots\" content=\"index, follow, max-snippet:-1, max-image-preview:large, max-video-preview:-1\" \/>\n<link rel=\"canonical\" href=\"https:\/\/hammerackhotel.it\/de\/menu-bistrot\/\" \/>\n<meta property=\"og:locale\" content=\"de_DE\" \/>\n<meta property=\"og:type\" content=\"article\" \/>\n<meta property=\"og:title\" content=\"Menu Bistrot - Hammerack Hotel\" \/>\n<meta property=\"og:description\" content=\"BISTROT MEN\u00dc Speise- &amp; Getr\u00e4nkekarte11.00 \u2013 23.30 \u00a0 Gedeckgeb\u00fchr \u20ac 2,00 COCKTAILS Paloma Tequila, Limettensaft, eine Prise Salz, Grapefruit-Tonic \u20ac 13.00 Moskow Mule Wodka, Limettensaft, Ingwerbier \u20ac 13.00 Bloody Mary Wodka, Zitronensaft, Tomatensaft, Salz, Pfeffer, Tabasco, Worcestershire-Sauce \u20ac 13.00 Daiquiri Wei\u00dfer Rum, Limettensaft, Zucker \u20ac 13.00 Tommy\u2019s Margarita Tequila, Limettensaft, Agavensirup \u20ac 13.00 Long Island [&hellip;]\" \/>\n<meta property=\"og:url\" content=\"https:\/\/hammerackhotel.it\/de\/menu-bistrot\/\" \/>\n<meta property=\"og:site_name\" content=\"Hammerack Hotel\" \/>\n<meta property=\"article:modified_time\" content=\"2026-02-24T14:50:19+00:00\" \/>\n<meta property=\"og:image\" content=\"https:\/\/hammerackhotel.it\/wp-content\/uploads\/2025\/09\/hammerack@Fabrice_Gallina_2025-5944.webp\" \/>\n\t<meta property=\"og:image:width\" content=\"1920\" \/>\n\t<meta property=\"og:image:height\" content=\"1281\" \/>\n\t<meta property=\"og:image:type\" content=\"image\/webp\" \/>\n<meta name=\"twitter:card\" content=\"summary_large_image\" \/>\n<meta name=\"twitter:label1\" content=\"Gesch\u00e4tzte Lesezeit\" \/>\n\t<meta name=\"twitter:data1\" content=\"3\u00a0Minuten\" \/>\n<script type=\"application\/ld+json\" class=\"yoast-schema-graph\">{\"@context\":\"https:\/\/schema.org\",\"@graph\":[{\"@type\":\"WebPage\",\"@id\":\"https:\/\/hammerackhotel.it\/de\/menu-bistrot\/\",\"url\":\"https:\/\/hammerackhotel.it\/de\/menu-bistrot\/\",\"name\":\"Menu Bistrot - Hammerack Hotel\",\"isPartOf\":{\"@id\":\"https:\/\/hammerackhotel.it\/de\/#website\"},\"primaryImageOfPage\":{\"@id\":\"https:\/\/hammerackhotel.it\/de\/menu-bistrot\/#primaryimage\"},\"image\":{\"@id\":\"https:\/\/hammerackhotel.it\/de\/menu-bistrot\/#primaryimage\"},\"thumbnailUrl\":\"https:\/\/hammerackhotel.it\/wp-content\/uploads\/2025\/09\/hammerack@Fabrice_Gallina_2025-5944.webp\",\"datePublished\":\"2026-02-18T08:20:54+00:00\",\"dateModified\":\"2026-02-24T14:50:19+00:00\",\"breadcrumb\":{\"@id\":\"https:\/\/hammerackhotel.it\/de\/menu-bistrot\/#breadcrumb\"},\"inLanguage\":\"de\",\"potentialAction\":[{\"@type\":\"ReadAction\",\"target\":[\"https:\/\/hammerackhotel.it\/de\/menu-bistrot\/\"]}]},{\"@type\":\"ImageObject\",\"inLanguage\":\"de\",\"@id\":\"https:\/\/hammerackhotel.it\/de\/menu-bistrot\/#primaryimage\",\"url\":\"https:\/\/hammerackhotel.it\/wp-content\/uploads\/2025\/09\/hammerack@Fabrice_Gallina_2025-5944.webp\",\"contentUrl\":\"https:\/\/hammerackhotel.it\/wp-content\/uploads\/2025\/09\/hammerack@Fabrice_Gallina_2025-5944.webp\",\"width\":1920,\"height\":1281,\"caption\":\"Elegante dessert al piatto con mousse di cioccolato e crema, sorbetto ai frutti rossi e cialde croccanti decorative.\"},{\"@type\":\"BreadcrumbList\",\"@id\":\"https:\/\/hammerackhotel.it\/de\/menu-bistrot\/#breadcrumb\",\"itemListElement\":[{\"@type\":\"ListItem\",\"position\":1,\"name\":\"Homepage\",\"item\":\"https:\/\/hammerackhotel.it\/de\/\"},{\"@type\":\"ListItem\",\"position\":2,\"name\":\"Menu Bistrot\"}]},{\"@type\":\"WebSite\",\"@id\":\"https:\/\/hammerackhotel.it\/de\/#website\",\"url\":\"https:\/\/hammerackhotel.it\/de\/\",\"name\":\"Hammerack Hotel\",\"description\":\"\",\"publisher\":{\"@id\":\"https:\/\/hammerackhotel.it\/de\/#organization\"},\"potentialAction\":[{\"@type\":\"SearchAction\",\"target\":{\"@type\":\"EntryPoint\",\"urlTemplate\":\"https:\/\/hammerackhotel.it\/de\/?s={search_term_string}\"},\"query-input\":{\"@type\":\"PropertyValueSpecification\",\"valueRequired\":true,\"valueName\":\"search_term_string\"}}],\"inLanguage\":\"de\"},{\"@type\":\"Organization\",\"@id\":\"https:\/\/hammerackhotel.it\/de\/#organization\",\"name\":\"Hammerack Hotel\",\"url\":\"https:\/\/hammerackhotel.it\/de\/\",\"logo\":{\"@type\":\"ImageObject\",\"inLanguage\":\"de\",\"@id\":\"https:\/\/hammerackhotel.it\/de\/#\/schema\/logo\/image\/\",\"url\":\"https:\/\/hammerackhotel.it\/wp-content\/uploads\/2024\/10\/Hotel-Hammerack-gold-1-1.webp\",\"contentUrl\":\"https:\/\/hammerackhotel.it\/wp-content\/uploads\/2024\/10\/Hotel-Hammerack-gold-1-1.webp\",\"width\":1802,\"height\":472,\"caption\":\"Hammerack Hotel\"},\"image\":{\"@id\":\"https:\/\/hammerackhotel.it\/de\/#\/schema\/logo\/image\/\"}}]}<\/script>\n<!-- \/ Yoast SEO plugin. -->","yoast_head_json":{"title":"Menu Bistrot - Hammerack Hotel","robots":{"index":"index","follow":"follow","max-snippet":"max-snippet:-1","max-image-preview":"max-image-preview:large","max-video-preview":"max-video-preview:-1"},"canonical":"https:\/\/hammerackhotel.it\/de\/menu-bistrot\/","og_locale":"de_DE","og_type":"article","og_title":"Menu Bistrot - Hammerack Hotel","og_description":"BISTROT MEN\u00dc Speise- &amp; Getr\u00e4nkekarte11.00 \u2013 23.30 \u00a0 Gedeckgeb\u00fchr \u20ac 2,00 COCKTAILS Paloma Tequila, Limettensaft, eine Prise Salz, Grapefruit-Tonic \u20ac 13.00 Moskow Mule Wodka, Limettensaft, Ingwerbier \u20ac 13.00 Bloody Mary Wodka, Zitronensaft, Tomatensaft, Salz, Pfeffer, Tabasco, Worcestershire-Sauce \u20ac 13.00 Daiquiri Wei\u00dfer Rum, Limettensaft, Zucker \u20ac 13.00 Tommy\u2019s Margarita Tequila, Limettensaft, Agavensirup \u20ac 13.00 Long Island [&hellip;]","og_url":"https:\/\/hammerackhotel.it\/de\/menu-bistrot\/","og_site_name":"Hammerack Hotel","article_modified_time":"2026-02-24T14:50:19+00:00","og_image":[{"width":1920,"height":1281,"url":"https:\/\/hammerackhotel.it\/wp-content\/uploads\/2025\/09\/hammerack@Fabrice_Gallina_2025-5944.webp","type":"image\/webp"}],"twitter_card":"summary_large_image","twitter_misc":{"Gesch\u00e4tzte Lesezeit":"3\u00a0Minuten"},"schema":{"@context":"https:\/\/schema.org","@graph":[{"@type":"WebPage","@id":"https:\/\/hammerackhotel.it\/de\/menu-bistrot\/","url":"https:\/\/hammerackhotel.it\/de\/menu-bistrot\/","name":"Menu Bistrot - Hammerack Hotel","isPartOf":{"@id":"https:\/\/hammerackhotel.it\/de\/#website"},"primaryImageOfPage":{"@id":"https:\/\/hammerackhotel.it\/de\/menu-bistrot\/#primaryimage"},"image":{"@id":"https:\/\/hammerackhotel.it\/de\/menu-bistrot\/#primaryimage"},"thumbnailUrl":"https:\/\/hammerackhotel.it\/wp-content\/uploads\/2025\/09\/hammerack@Fabrice_Gallina_2025-5944.webp","datePublished":"2026-02-18T08:20:54+00:00","dateModified":"2026-02-24T14:50:19+00:00","breadcrumb":{"@id":"https:\/\/hammerackhotel.it\/de\/menu-bistrot\/#breadcrumb"},"inLanguage":"de","potentialAction":[{"@type":"ReadAction","target":["https:\/\/hammerackhotel.it\/de\/menu-bistrot\/"]}]},{"@type":"ImageObject","inLanguage":"de","@id":"https:\/\/hammerackhotel.it\/de\/menu-bistrot\/#primaryimage","url":"https:\/\/hammerackhotel.it\/wp-content\/uploads\/2025\/09\/hammerack@Fabrice_Gallina_2025-5944.webp","contentUrl":"https:\/\/hammerackhotel.it\/wp-content\/uploads\/2025\/09\/hammerack@Fabrice_Gallina_2025-5944.webp","width":1920,"height":1281,"caption":"Elegante dessert al piatto con mousse di cioccolato e crema, sorbetto ai frutti rossi e cialde croccanti decorative."},{"@type":"BreadcrumbList","@id":"https:\/\/hammerackhotel.it\/de\/menu-bistrot\/#breadcrumb","itemListElement":[{"@type":"ListItem","position":1,"name":"Homepage","item":"https:\/\/hammerackhotel.it\/de\/"},{"@type":"ListItem","position":2,"name":"Menu Bistrot"}]},{"@type":"WebSite","@id":"https:\/\/hammerackhotel.it\/de\/#website","url":"https:\/\/hammerackhotel.it\/de\/","name":"Hammerack Hotel","description":"","publisher":{"@id":"https:\/\/hammerackhotel.it\/de\/#organization"},"potentialAction":[{"@type":"SearchAction","target":{"@type":"EntryPoint","urlTemplate":"https:\/\/hammerackhotel.it\/de\/?s={search_term_string}"},"query-input":{"@type":"PropertyValueSpecification","valueRequired":true,"valueName":"search_term_string"}}],"inLanguage":"de"},{"@type":"Organization","@id":"https:\/\/hammerackhotel.it\/de\/#organization","name":"Hammerack Hotel","url":"https:\/\/hammerackhotel.it\/de\/","logo":{"@type":"ImageObject","inLanguage":"de","@id":"https:\/\/hammerackhotel.it\/de\/#\/schema\/logo\/image\/","url":"https:\/\/hammerackhotel.it\/wp-content\/uploads\/2024\/10\/Hotel-Hammerack-gold-1-1.webp","contentUrl":"https:\/\/hammerackhotel.it\/wp-content\/uploads\/2024\/10\/Hotel-Hammerack-gold-1-1.webp","width":1802,"height":472,"caption":"Hammerack Hotel"},"image":{"@id":"https:\/\/hammerackhotel.it\/de\/#\/schema\/logo\/image\/"}}]}},"_links":{"self":[{"href":"https:\/\/hammerackhotel.it\/de\/wp-json\/wp\/v2\/pages\/7729","targetHints":{"allow":["GET"]}}],"collection":[{"href":"https:\/\/hammerackhotel.it\/de\/wp-json\/wp\/v2\/pages"}],"about":[{"href":"https:\/\/hammerackhotel.it\/de\/wp-json\/wp\/v2\/types\/page"}],"author":[{"embeddable":true,"href":"https:\/\/hammerackhotel.it\/de\/wp-json\/wp\/v2\/users\/1"}],"replies":[{"embeddable":true,"href":"https:\/\/hammerackhotel.it\/de\/wp-json\/wp\/v2\/comments?post=7729"}],"version-history":[{"count":0,"href":"https:\/\/hammerackhotel.it\/de\/wp-json\/wp\/v2\/pages\/7729\/revisions"}],"wp:featuredmedia":[{"embeddable":true,"href":"https:\/\/hammerackhotel.it\/de\/wp-json\/wp\/v2\/media\/6740"}],"wp:attachment":[{"href":"https:\/\/hammerackhotel.it\/de\/wp-json\/wp\/v2\/media?parent=7729"}],"curies":[{"name":"wp","href":"https:\/\/api.w.org\/{rel}","templated":true}]}}