{"id":4892,"date":"2025-04-30T15:53:31","date_gmt":"2025-04-30T13:53:31","guid":{"rendered":"https:\/\/hammerackhotel.it\/jobs\/"},"modified":"2025-05-05T15:30:40","modified_gmt":"2025-05-05T13:30:40","slug":"jobs","status":"publish","type":"page","link":"https:\/\/hammerackhotel.it\/de\/jobs\/","title":{"rendered":"Jobs"},"content":{"rendered":"\t\t<div data-elementor-type=\"wp-page\" data-elementor-id=\"4892\" class=\"elementor elementor-4892 elementor-4861\" data-elementor-post-type=\"page\">\n\t\t\t\t<div class=\"elementor-element elementor-element-4a9b6609 e-flex e-con-boxed e-con e-parent\" data-id=\"4a9b6609\" data-element_type=\"container\" data-e-type=\"container\">\n\t\t\t\t\t<div class=\"e-con-inner\">\n\t\t\t\t<div class=\"elementor-element elementor-element-5424192 elementor-widget elementor-widget-heading\" data-id=\"5424192\" data-element_type=\"widget\" data-e-type=\"widget\" data-widget_type=\"heading.default\">\n\t\t\t\t<div class=\"elementor-widget-container\">\n\t\t\t\t\t<h1 class=\"elementor-heading-title elementor-size-default\">Arbeiten Sie mit uns<\/h1>\t\t\t\t<\/div>\n\t\t\t\t<\/div>\n\t\t\t\t<div class=\"elementor-element elementor-element-186b214 elementor-widget elementor-widget-text-editor\" data-id=\"186b214\" data-element_type=\"widget\" data-e-type=\"widget\" data-widget_type=\"text-editor.default\">\n\t\t\t\t<div class=\"elementor-widget-container\">\n\t\t\t\t\t\t\t\t\t<p>Wir sind immer auf der Suche nach leidenschaftlichen, zuverl\u00e4ssigen und gastfreundlichen Menschen, die unser Team bereichern. Wenn Sie in einem dynamischen, f\u00fcrsorglichen und dienstleistungsorientierten Umfeld arbeiten m\u00f6chten, k\u00f6nnten Sie die Person sein, nach der wir suchen.<\/p>\t\t\t\t\t\t\t\t<\/div>\n\t\t\t\t<\/div>\n\t\t\t\t\t<\/div>\n\t\t\t\t<\/div>\n\t\t<div class=\"elementor-element elementor-element-2df0d540 e-flex e-con-boxed e-con e-parent\" data-id=\"2df0d540\" data-element_type=\"container\" data-e-type=\"container\">\n\t\t\t\t\t<div class=\"e-con-inner\">\n\t\t\t\t<div class=\"elementor-element elementor-element-b391a05 elementor-widget elementor-widget-shortcode\" data-id=\"b391a05\" data-element_type=\"widget\" data-e-type=\"widget\" data-widget_type=\"shortcode.default\">\n\t\t\t\t<div class=\"elementor-widget-container\">\n\t\t\t\t\t\t\t<div class=\"elementor-shortcode\"><\/div>\n\t\t\t\t\t\t<\/div>\n\t\t\t\t<\/div>\n\t\t\t\t\t<\/div>\n\t\t\t\t<\/div>\n\t\t\t\t<\/div>\n\t\t","protected":false},"excerpt":{"rendered":"<p>Arbeiten Sie mit uns Wir sind immer auf der Suche nach leidenschaftlichen, zuverl\u00e4ssigen und gastfreundlichen Menschen, die unser Team bereichern. Wenn Sie in einem dynamischen, f\u00fcrsorglichen und dienstleistungsorientierten Umfeld arbeiten m\u00f6chten, k\u00f6nnten Sie die Person sein, nach der wir suchen.<\/p>\n","protected":false},"author":1,"featured_media":2406,"parent":0,"menu_order":0,"comment_status":"closed","ping_status":"closed","template":"","meta":{"_acf_changed":false,"footnotes":""},"class_list":["post-4892","page","type-page","status-publish","has-post-thumbnail","hentry"],"acf":[],"yoast_head":"<!-- This site is optimized with the Yoast SEO plugin v27.1.1 - https:\/\/yoast.com\/product\/yoast-seo-wordpress\/ -->\n<title>Jobs - Hammerack Hotel<\/title>\n<meta name=\"robots\" content=\"index, follow, max-snippet:-1, max-image-preview:large, max-video-preview:-1\" \/>\n<link rel=\"canonical\" href=\"https:\/\/hammerackhotel.it\/de\/jobs\/\" \/>\n<meta property=\"og:locale\" content=\"de_DE\" \/>\n<meta property=\"og:type\" content=\"article\" \/>\n<meta property=\"og:title\" content=\"Jobs - Hammerack Hotel\" \/>\n<meta property=\"og:description\" content=\"Arbeiten Sie mit uns Wir sind immer auf der Suche nach leidenschaftlichen, zuverl\u00e4ssigen und gastfreundlichen Menschen, die unser Team bereichern. Wenn Sie in einem dynamischen, f\u00fcrsorglichen und dienstleistungsorientierten Umfeld arbeiten m\u00f6chten, k\u00f6nnten Sie die Person sein, nach der wir suchen.\" \/>\n<meta property=\"og:url\" content=\"https:\/\/hammerackhotel.it\/de\/jobs\/\" \/>\n<meta property=\"og:site_name\" content=\"Hammerack Hotel\" \/>\n<meta property=\"article:modified_time\" content=\"2025-05-05T13:30:40+00:00\" \/>\n<meta property=\"og:image\" content=\"https:\/\/hammerackhotel.it\/wp-content\/uploads\/2024\/10\/Vista-aerea-di-un-villaggio-alpino.webp\" \/>\n\t<meta property=\"og:image:width\" content=\"1620\" \/>\n\t<meta property=\"og:image:height\" content=\"1080\" \/>\n\t<meta property=\"og:image:type\" content=\"image\/webp\" \/>\n<meta name=\"twitter:card\" content=\"summary_large_image\" \/>\n<meta name=\"twitter:label1\" content=\"Gesch\u00e4tzte Lesezeit\" \/>\n\t<meta name=\"twitter:data1\" content=\"1\u00a0Minute\" \/>\n<script type=\"application\/ld+json\" class=\"yoast-schema-graph\">{\"@context\":\"https:\/\/schema.org\",\"@graph\":[{\"@type\":\"WebPage\",\"@id\":\"https:\/\/hammerackhotel.it\/de\/jobs\/\",\"url\":\"https:\/\/hammerackhotel.it\/de\/jobs\/\",\"name\":\"Jobs - Hammerack Hotel\",\"isPartOf\":{\"@id\":\"https:\/\/hammerackhotel.it\/de\/#website\"},\"primaryImageOfPage\":{\"@id\":\"https:\/\/hammerackhotel.it\/de\/jobs\/#primaryimage\"},\"image\":{\"@id\":\"https:\/\/hammerackhotel.it\/de\/jobs\/#primaryimage\"},\"thumbnailUrl\":\"https:\/\/hammerackhotel.it\/wp-content\/uploads\/2024\/10\/Vista-aerea-di-un-villaggio-alpino.webp\",\"datePublished\":\"2025-04-30T13:53:31+00:00\",\"dateModified\":\"2025-05-05T13:30:40+00:00\",\"breadcrumb\":{\"@id\":\"https:\/\/hammerackhotel.it\/de\/jobs\/#breadcrumb\"},\"inLanguage\":\"de\",\"potentialAction\":[{\"@type\":\"ReadAction\",\"target\":[\"https:\/\/hammerackhotel.it\/de\/jobs\/\"]}]},{\"@type\":\"ImageObject\",\"inLanguage\":\"de\",\"@id\":\"https:\/\/hammerackhotel.it\/de\/jobs\/#primaryimage\",\"url\":\"https:\/\/hammerackhotel.it\/wp-content\/uploads\/2024\/10\/Vista-aerea-di-un-villaggio-alpino.webp\",\"contentUrl\":\"https:\/\/hammerackhotel.it\/wp-content\/uploads\/2024\/10\/Vista-aerea-di-un-villaggio-alpino.webp\",\"width\":1620,\"height\":1080},{\"@type\":\"BreadcrumbList\",\"@id\":\"https:\/\/hammerackhotel.it\/de\/jobs\/#breadcrumb\",\"itemListElement\":[{\"@type\":\"ListItem\",\"position\":1,\"name\":\"Homepage\",\"item\":\"https:\/\/hammerackhotel.it\/de\/\"},{\"@type\":\"ListItem\",\"position\":2,\"name\":\"Jobs\"}]},{\"@type\":\"WebSite\",\"@id\":\"https:\/\/hammerackhotel.it\/de\/#website\",\"url\":\"https:\/\/hammerackhotel.it\/de\/\",\"name\":\"Hammerack Hotel\",\"description\":\"\",\"publisher\":{\"@id\":\"https:\/\/hammerackhotel.it\/de\/#organization\"},\"potentialAction\":[{\"@type\":\"SearchAction\",\"target\":{\"@type\":\"EntryPoint\",\"urlTemplate\":\"https:\/\/hammerackhotel.it\/de\/?s={search_term_string}\"},\"query-input\":{\"@type\":\"PropertyValueSpecification\",\"valueRequired\":true,\"valueName\":\"search_term_string\"}}],\"inLanguage\":\"de\"},{\"@type\":\"Organization\",\"@id\":\"https:\/\/hammerackhotel.it\/de\/#organization\",\"name\":\"Hammerack Hotel\",\"url\":\"https:\/\/hammerackhotel.it\/de\/\",\"logo\":{\"@type\":\"ImageObject\",\"inLanguage\":\"de\",\"@id\":\"https:\/\/hammerackhotel.it\/de\/#\/schema\/logo\/image\/\",\"url\":\"https:\/\/hammerackhotel.it\/wp-content\/uploads\/2024\/10\/Hotel-Hammerack-gold-1-1.webp\",\"contentUrl\":\"https:\/\/hammerackhotel.it\/wp-content\/uploads\/2024\/10\/Hotel-Hammerack-gold-1-1.webp\",\"width\":1802,\"height\":472,\"caption\":\"Hammerack Hotel\"},\"image\":{\"@id\":\"https:\/\/hammerackhotel.it\/de\/#\/schema\/logo\/image\/\"}}]}<\/script>\n<!-- \/ Yoast SEO plugin. -->","yoast_head_json":{"title":"Jobs - Hammerack Hotel","robots":{"index":"index","follow":"follow","max-snippet":"max-snippet:-1","max-image-preview":"max-image-preview:large","max-video-preview":"max-video-preview:-1"},"canonical":"https:\/\/hammerackhotel.it\/de\/jobs\/","og_locale":"de_DE","og_type":"article","og_title":"Jobs - Hammerack Hotel","og_description":"Arbeiten Sie mit uns Wir sind immer auf der Suche nach leidenschaftlichen, zuverl\u00e4ssigen und gastfreundlichen Menschen, die unser Team bereichern. Wenn Sie in einem dynamischen, f\u00fcrsorglichen und dienstleistungsorientierten Umfeld arbeiten m\u00f6chten, k\u00f6nnten Sie die Person sein, nach der wir suchen.","og_url":"https:\/\/hammerackhotel.it\/de\/jobs\/","og_site_name":"Hammerack Hotel","article_modified_time":"2025-05-05T13:30:40+00:00","og_image":[{"width":1620,"height":1080,"url":"https:\/\/hammerackhotel.it\/wp-content\/uploads\/2024\/10\/Vista-aerea-di-un-villaggio-alpino.webp","type":"image\/webp"}],"twitter_card":"summary_large_image","twitter_misc":{"Gesch\u00e4tzte Lesezeit":"1\u00a0Minute"},"schema":{"@context":"https:\/\/schema.org","@graph":[{"@type":"WebPage","@id":"https:\/\/hammerackhotel.it\/de\/jobs\/","url":"https:\/\/hammerackhotel.it\/de\/jobs\/","name":"Jobs - Hammerack Hotel","isPartOf":{"@id":"https:\/\/hammerackhotel.it\/de\/#website"},"primaryImageOfPage":{"@id":"https:\/\/hammerackhotel.it\/de\/jobs\/#primaryimage"},"image":{"@id":"https:\/\/hammerackhotel.it\/de\/jobs\/#primaryimage"},"thumbnailUrl":"https:\/\/hammerackhotel.it\/wp-content\/uploads\/2024\/10\/Vista-aerea-di-un-villaggio-alpino.webp","datePublished":"2025-04-30T13:53:31+00:00","dateModified":"2025-05-05T13:30:40+00:00","breadcrumb":{"@id":"https:\/\/hammerackhotel.it\/de\/jobs\/#breadcrumb"},"inLanguage":"de","potentialAction":[{"@type":"ReadAction","target":["https:\/\/hammerackhotel.it\/de\/jobs\/"]}]},{"@type":"ImageObject","inLanguage":"de","@id":"https:\/\/hammerackhotel.it\/de\/jobs\/#primaryimage","url":"https:\/\/hammerackhotel.it\/wp-content\/uploads\/2024\/10\/Vista-aerea-di-un-villaggio-alpino.webp","contentUrl":"https:\/\/hammerackhotel.it\/wp-content\/uploads\/2024\/10\/Vista-aerea-di-un-villaggio-alpino.webp","width":1620,"height":1080},{"@type":"BreadcrumbList","@id":"https:\/\/hammerackhotel.it\/de\/jobs\/#breadcrumb","itemListElement":[{"@type":"ListItem","position":1,"name":"Homepage","item":"https:\/\/hammerackhotel.it\/de\/"},{"@type":"ListItem","position":2,"name":"Jobs"}]},{"@type":"WebSite","@id":"https:\/\/hammerackhotel.it\/de\/#website","url":"https:\/\/hammerackhotel.it\/de\/","name":"Hammerack Hotel","description":"","publisher":{"@id":"https:\/\/hammerackhotel.it\/de\/#organization"},"potentialAction":[{"@type":"SearchAction","target":{"@type":"EntryPoint","urlTemplate":"https:\/\/hammerackhotel.it\/de\/?s={search_term_string}"},"query-input":{"@type":"PropertyValueSpecification","valueRequired":true,"valueName":"search_term_string"}}],"inLanguage":"de"},{"@type":"Organization","@id":"https:\/\/hammerackhotel.it\/de\/#organization","name":"Hammerack Hotel","url":"https:\/\/hammerackhotel.it\/de\/","logo":{"@type":"ImageObject","inLanguage":"de","@id":"https:\/\/hammerackhotel.it\/de\/#\/schema\/logo\/image\/","url":"https:\/\/hammerackhotel.it\/wp-content\/uploads\/2024\/10\/Hotel-Hammerack-gold-1-1.webp","contentUrl":"https:\/\/hammerackhotel.it\/wp-content\/uploads\/2024\/10\/Hotel-Hammerack-gold-1-1.webp","width":1802,"height":472,"caption":"Hammerack Hotel"},"image":{"@id":"https:\/\/hammerackhotel.it\/de\/#\/schema\/logo\/image\/"}}]}},"_links":{"self":[{"href":"https:\/\/hammerackhotel.it\/de\/wp-json\/wp\/v2\/pages\/4892","targetHints":{"allow":["GET"]}}],"collection":[{"href":"https:\/\/hammerackhotel.it\/de\/wp-json\/wp\/v2\/pages"}],"about":[{"href":"https:\/\/hammerackhotel.it\/de\/wp-json\/wp\/v2\/types\/page"}],"author":[{"embeddable":true,"href":"https:\/\/hammerackhotel.it\/de\/wp-json\/wp\/v2\/users\/1"}],"replies":[{"embeddable":true,"href":"https:\/\/hammerackhotel.it\/de\/wp-json\/wp\/v2\/comments?post=4892"}],"version-history":[{"count":0,"href":"https:\/\/hammerackhotel.it\/de\/wp-json\/wp\/v2\/pages\/4892\/revisions"}],"wp:featuredmedia":[{"embeddable":true,"href":"https:\/\/hammerackhotel.it\/de\/wp-json\/wp\/v2\/media\/2406"}],"wp:attachment":[{"href":"https:\/\/hammerackhotel.it\/de\/wp-json\/wp\/v2\/media?parent=4892"}],"curies":[{"name":"wp","href":"https:\/\/api.w.org\/{rel}","templated":true}]}}